{"id":3,"date":"2021-08-12T10:04:13","date_gmt":"2021-08-12T08:04:13","guid":{"rendered":"http:\/\/localhost\/Simex_nuovo\/?page_id=3"},"modified":"2021-09-21T12:44:19","modified_gmt":"2021-09-21T10:44:19","slug":"privacy-policy","status":"publish","type":"page","link":"https:\/\/simex-buckets.com\/en-gb\/privacy-policy\/","title":{"rendered":"Privacy policy"},"content":{"rendered":"<div data-elementor-type=\"wp-page\" data-elementor-id=\"3\" class=\"elementor elementor-3\" data-elementor-post-type=\"page\">\n\t\t\t\t\t\t<section class=\"elementor-section elementor-top-section elementor-element elementor-element-2f0f6261 elementor-section-boxed elementor-section-height-default elementor-section-height-default\" data-id=\"2f0f6261\" data-element_type=\"section\">\n\t\t\t\t\t\t<div class=\"elementor-container elementor-column-gap-default\">\n\t\t\t\t\t<div class=\"elementor-column elementor-col-100 elementor-top-column elementor-element elementor-element-263a8f95\" data-id=\"263a8f95\" data-element_type=\"column\">\n\t\t\t<div class=\"elementor-widget-wrap elementor-element-populated\">\n\t\t\t\t\t\t<div class=\"elementor-element elementor-element-53efb511 elementor-widget elementor-widget-text-editor\" data-id=\"53efb511\" data-element_type=\"widget\" data-widget_type=\"text-editor.default\">\n\t\t\t\t<div class=\"elementor-widget-container\">\n\t\t\t<style>\/*! elementor - v3.19.0 - 28-02-2024 *\/\n.elementor-widget-text-editor.elementor-drop-cap-view-stacked .elementor-drop-cap{background-color:#69727d;color:#fff}.elementor-widget-text-editor.elementor-drop-cap-view-framed .elementor-drop-cap{color:#69727d;border:3px solid;background-color:transparent}.elementor-widget-text-editor:not(.elementor-drop-cap-view-default) .elementor-drop-cap{margin-top:8px}.elementor-widget-text-editor:not(.elementor-drop-cap-view-default) .elementor-drop-cap-letter{width:1em;height:1em}.elementor-widget-text-editor .elementor-drop-cap{float:left;text-align:center;line-height:1;font-size:50px}.elementor-widget-text-editor .elementor-drop-cap-letter{display:inline-block}<\/style>\t\t\t\t<h2><b>INFORMATIVA SULLA PRIVACY<\/b><\/h2>\n<p>Informativa resa all\u2019Interessato a norma dell\u2019art. 13 D.Lgs. 196\/2003 (Codice in materia di protezione dei dati personali) e art. 13 GDPR 679\/2016 (Regolamento Europeo sulla protezione dei dati personali).<\/p>\n<p>Desideriamo informarLa che il D.Lgs. 196\/2003 ed il GDPR 679\/2016, e successive modifiche, prevedono la tutela delle persone e di altri soggetti rispetto al trattamento dei dati personali.<br \/>Secondo le normative indicate, tale trattamento sar\u00e0 improntato a principi di correttezza, liceit\u00e0 e trasparenza e di tutela della Sua riservatezza e dei Suoi diritti.<br \/>I dati raccolti vengono utilizzati nel rispetto della normativa vigente in materia di privacy (D.Lgs. 196\/2003 e GDPR 679\/2016).<\/p>\n<p><strong>1) Identit\u00e0 e contatti del Titolare:<\/strong>\u00a0<br \/>il Titolare del trattamento \u00e8 la societ\u00e0 Simex S.r.l., San Giovanni in Persiceto (BO), Via Newton n. 31, C.F. 04034530370 P.IVA 00692551203, tel. 051 6810609, p.e.c. simex@pec.simex.it.\u00a0 L\u2019elenco aggiornato dei responsabili e degli eventuali autorizzati al trattamento \u00e8 custodito presso la sede del Titolare del trattamento.<\/p>\n<p><strong>2) Finalit\u00e0 del trattamento e base giuridica:<\/strong><br \/>a) adempimento degli obblighi di legge (di natura amministrativa, contabile, civilistica, fiscale, regolamenti, normative comunitarie ed extracomunitarie) e di contratto, espletamento degli usi e consuetudini, in merito, adempimenti contrattuali di vendita, fornitura, manutenzione, assistenza rispetto ai prodotti Simex;<br \/>b) esecuzione di attivit\u00e0 connesse all\u2019erogazione di servizi\/vendita\/fornitura beni da parte di Simex in Suo favore nonch\u00e9, in generale, per lo svolgimento di attivit\u00e0 connesse all\u2019esecuzione di un rapporto contrattuale con Simex ovvero per far fronte, prima della conclusione del contratto, a Sue specifiche richieste anche di informazioni precontrattuali; effettuare tutte le operazioni necessarie per l\u2019evasione di ordini e per l\u2019esecuzione di attivit\u00e0 post contrattuali. Gestire la contabilit\u00e0 e gli adempimenti fiscali; prevenire, gestire possibili contenziosi, adire le vie legali in caso di necessit\u00e0, effettuare cessione di crediti a terzi (anche societ\u00e0 assicurative del credito);<br \/>c) per comunicazioni informative di aggiornamento e promozionali, anche di natura commerciale, di materiale pubblicitario e\/o di offerte di beni e di servizi. L\u2019attivit\u00e0 di promozione e informativa potr\u00e0 essere svolta tramite &#8211; a titolo esemplificativo e non esaustivo &#8211; posta, Internet, telefono, E-mail, MMS, SMS, newsletter, dall\u2019Italia o dall&#8217;estero (anche da Paesi non appartenenti alla Comunit\u00e0 europea), da parte di Simex, nonch\u00e9 da parte di terzi con i quali Simex abbia in essere rapporti contrattuali connessi allo svolgimento della suddetta attivit\u00e0.<\/p>\n<p><strong>3) Dati personali oggetto del trattamento:<\/strong><br \/>qualsiasi informazione riguardante una persona fisica identificata o identificabile (\u00abinteressato\u00bb); si considera identificabile la persona fisica che pu\u00f2 essere identificata, direttamente o indirettamente, con particolare riferimento a un identificativo come il nome, un numero di identificazione, dati relativi all&#8217;ubicazione, un identificativo online.<\/p>\n<p><strong>4) Modalit\u00e0 del trattamento dei dati:\u00a0<\/strong><br \/>con e\/o senza ausilio di mezzi automatizzati e comunque in modo tale da garantirne la sicurezza e la riservatezza:\u00a0 raccolta, registrazione, conservazione, organizzazione, elaborazione, selezione, estrazione, raffronto, interconnessione, comunicazione, blocco, cancellazione, distruzione.<\/p>\n<p><strong>5) Natura del conferimento dei dati:<\/strong>\u00a0<br \/>obbligatoria e\/o facoltativa.\u00a0 E\u2019 facoltativo il consenso al trattamento dei dati per le finalit\u00e0 commerciali di cui al punto 2, lettera c).<\/p>\n<p><strong>6) Conseguenze del rifiuto del conferimento:<\/strong>\u00a0<br \/>impossibilit\u00e0 della stipula del contratto per i soli dati a conferimento obbligatorio.<\/p>\n<p><strong>7) Soggetti ai quali i dati possono essere comunicati:<\/strong>\u00a0<br \/>soggetti pubblici per obblighi di legge, persone fisiche o giuridiche incaricate del trattamento dei dati dal Titolare e\/o dal responsabile.\u00a0 I dati personali trattati non saranno oggetto di diffusione ma di comunicazione a soggetti ben definiti. Sulla base dei ruoli e delle mansioni lavorative espletate, il personale interno ed esterno \u00e8 legittimato al trattamento nei limiti delle loro competenze ed in conformit\u00e0 alle istruzioni ad essi impartite dal Titolare.\u00a0 Gli stessi dati potranno essere comunicati ai soggetti legittimati ad accedervi in forza di disposizioni di legge, regolamenti e normative, a societ\u00e0 di recapito corrispondenza, banche ed istituti di credito, studi legali, studi di consulenza, assicurazioni di ogni genere e natura (anche del credito), societ\u00e0 di manutenzione apparecchiature informatiche, studi professionali o societ\u00e0 eroganti servizi contabili, fiscali, tributari, lavoratori autonomi o occasionali, agenti, societ\u00e0 terze che acquisissero l\u2019azienda o rami di azienda o singoli crediti (o lotti).\u00a0 L\u2019elenco dei soggetti terzi ai quali i dati possono essere comunicati \u00e8 custodito presso la sede del Titolare del trattamento.<\/p>\n<p><strong>8) Diritti:<\/strong><br \/>a norma dell\u2019art. 7 del D.Lgs. 196\/2003 ed a norma degli artt. 15 (diritto di accesso), 16 (diritto di rettifica), 17 (diritto alla cancellazione), 18 (diritto alla limitazione del trattamento), 20 (diritto alla portabilit\u00e0), 21 (diritto di opposizione) del GDPR 679\/2016, l\u2019Interessato pu\u00f2 esercitare i suoi diritti scrivendo al Titolare del Trattamento all\u2019indirizzo sopra riportato oppure via e-mail all\u2019indirizzo\u00a0<a href=\"mailto:privacy@simex.it\">privacy@simex.it<\/a>.<\/p>\n<p><strong>9) Trasferimento dei dati<\/strong>:<br \/>il Titolare del trattamento non trasferisce i dati personali in paesi terzi; tuttavia si riserva la possibilit\u00e0 di utilizzare servizi in cloud ed in tal caso i fornitori dei servizi saranno selezionati tra coloro che forniscono garanzie adeguate, cos\u00ec come previsto dall\u2019art. 46 GDPR 679\/2016.<\/p>\n<p><strong>10) Conservazione dei dati<\/strong>:<br \/>il Titolare del trattamento conserva e tratta i dati personali per il tempo strettamente necessario ad adempiere alle finalit\u00e0 indicate per un massimo di anni dieci, ovvero per il periodo imposto dalle vigenti disposizioni in materia civilistica e fiscale.<\/p>\n<p><strong>11) Revoca del consenso<\/strong>:<br \/>con riferimento all\u2019art. 23 del D.Lgs. 196\/2003 e all\u2019art. 6 del GDPR 679\/2016 l\u2019Interessato pu\u00f2 revocare in qualsiasi momento il consenso prestato scrivendo al Titolare del Trattamento all\u2019indirizzo sopra riportato oppure via e-mail all\u2019indirizzo\u00a0<a href=\"mailto:privacy@simex.it\">privacy@simex.it<\/a>.<\/p>\n<p><strong>12) Diritto di proporre reclamo<\/strong>:<br \/>l\u2019interessato ha diritto di proporre reclamo all\u2019Autorit\u00e0 di controllo dello stato di residenza.<\/p>\n<p><strong>13) Fonte dei dati:\u00a0<\/strong><br \/>i dati personali trattati sono quelli forniti dall\u2019interessato in occasione di: richieste o informazioni anche via e-mail, compilazione del modulo \u201crichiesta di contatto\u201d, visite o telefonate, incontri presso fiere o mostre, incontri e contatti presso rivenditori, richiesta di prestazione di servizi o di vendita\/fornitura beni, precedenti transazioni commerciali intercorse.<\/p>\n<p><strong>14) Processi decisionali automatizzati<\/strong>:<br \/>l Titolare non effettua trattamenti che consistano in processi decisionali automatizzati sui dati trattati.<\/p>\n<p>Aggiornato il 23 maggio 2018<\/p>\t\t\t\t\t\t<\/div>\n\t\t\t\t<\/div>\n\t\t\t\t\t<\/div>\n\t\t<\/div>\n\t\t\t\t\t<\/div>\n\t\t<\/section>\n\t\t\t\t<\/div>","protected":false},"excerpt":{"rendered":"<p>INFORMATIVA SULLA PRIVACY Informativa resa all\u2019Interessato a norma dell\u2019art. 13 D.Lgs. 196\/2003 (Codice in materia di protezione dei dati personali) e art. 13 GDPR 679\/2016 (Regolamento Europeo sulla protezione dei dati personali). Desideriamo informarLa che il D.Lgs. 196\/2003 ed il GDPR 679\/2016, e successive modifiche, prevedono la tutela delle persone e di altri soggetti rispetto [&hellip;]<\/p>","protected":false},"author":1,"featured_media":0,"parent":0,"menu_order":0,"comment_status":"closed","ping_status":"open","template":"","meta":{"footnotes":""},"yst_prominent_words":[],"_links":{"self":[{"href":"https:\/\/simex-buckets.com\/en-gb\/wp-json\/wp\/v2\/pages\/3"}],"collection":[{"href":"https:\/\/simex-buckets.com\/en-gb\/wp-json\/wp\/v2\/pages"}],"about":[{"href":"https:\/\/simex-buckets.com\/en-gb\/wp-json\/wp\/v2\/types\/page"}],"author":[{"embeddable":true,"href":"https:\/\/simex-buckets.com\/en-gb\/wp-json\/wp\/v2\/users\/1"}],"replies":[{"embeddable":true,"href":"https:\/\/simex-buckets.com\/en-gb\/wp-json\/wp\/v2\/comments?post=3"}],"version-history":[{"count":7,"href":"https:\/\/simex-buckets.com\/en-gb\/wp-json\/wp\/v2\/pages\/3\/revisions"}],"predecessor-version":[{"id":214,"href":"https:\/\/simex-buckets.com\/en-gb\/wp-json\/wp\/v2\/pages\/3\/revisions\/214"}],"wp:attachment":[{"href":"https:\/\/simex-buckets.com\/en-gb\/wp-json\/wp\/v2\/media?parent=3"}],"wp:term":[{"taxonomy":"yst_prominent_words","embeddable":true,"href":"https:\/\/simex-buckets.com\/en-gb\/wp-json\/wp\/v2\/yst_prominent_words?post=3"}],"curies":[{"name":"wp","href":"https:\/\/api.w.org\/{rel}","templated":true}]}}